{"id":9499,"date":"2017-04-19T16:18:38","date_gmt":"2017-04-19T14:18:38","guid":{"rendered":"http:\/\/www.michelecaffin-decryptagedentaire.com\/i-libri-di-michele-caffin-sulla-decrittazione-dentaria\/"},"modified":"2017-05-04T15:18:19","modified_gmt":"2017-05-04T13:18:19","slug":"i-libri-di-michele-caffin-sulla-decrittazione-dentaria","status":"publish","type":"page","link":"https:\/\/www.michelecaffin-decryptagedentaire.com\/it\/i-libri-di-michele-caffin-sulla-decrittazione-dentaria\/","title":{"rendered":"I libri di Mich\u00e8le Caffin sulla decrittazione dentaria"},"content":{"rendered":"<h2><strong>Decrittazione del dente, specchio del nostro essere.<\/strong><\/h2>\n<p>Ecco i libri di Mich\u00e8le Caffin che presentano le sue ricerche sulla decrittazione dentaria e le relazioni tra i denti e il corpo fisico, energetico, dal punto di vista olistico. I suoi studi si basano su ricerche universitarie simboliche e intuitive. I denti conservano la memoria degli eventi della nostra vita e possono somatizzare i cambiamenti interni. Perci\u00f2, sono il riflesso delle nostre relazioni con il corpo fisico, ma anche psichico, energetico e spirituale.<\/p>\n<p>Pioniere nella ricerca in decrittazione dentaria, Mich\u00e8le Caffin ci svela, nei suoi libri, il significato di ogni dente e la sua corrispondenza con un organo, con una persona dell&#8217;ambito familiare, con periodi precisi della vita.<\/p>\n<div class=\"row \"><div class=\"wpv-grid grid-1-2  wpv-first-level first unextended\" style=\"padding-top:0px;padding-bottom:0px\" id=\"wpv-column-5354c5c6758ddc95823f23a8c44ae688\" ><div class=\"services clearfix fullimage has-image no-icon has-button \" style=\"text-align:left;\">\n\t<div class=\"services-inside\">\n\t\t\t\t\t\t\t\t\t<div class=\"thumbnail\">\n\t\t\t\t\t\t\t\t\t\t\t<a href=\"http:\/\/www.amrita-edizioni.com\/193_quello-che-i-denti-raccontano-di-te.html\" title=\"QUELLO CHE TI DENTI RACCONTANO DI TE\" class=\"has-border\">\n\t\t\t\t\t\t\t\t\t\t\t\t\t\t\t\t\t\t<img decoding=\"async\" src=\"\/wp-content\/uploads\/2017\/04\/L1-Italien-rond.gif\" alt=\"\" \/>\t\t\t\t\t\t\t\t\t\t\t\t\t\t\t\t\t<\/a>\n\t\t\t\t\t\t\t\t\t<\/div>\n\t\t\t\t\t\t\t\t\t\t\t\t\t\t<h3 class=\"services-title\">\n\t\t\t\t\t\t\t\t\t<a href=\"http:\/\/www.amrita-edizioni.com\/193_quello-che-i-denti-raccontano-di-te.html\" title=\"QUELLO CHE TI DENTI RACCONTANO DI TE\">QUELLO CHE TI DENTI RACCONTANO DI TE<\/a>\n\t\t\t\t\t\t\t<\/h3>\n\t\t\t\t\t\t\t<div class=\"services-content\">\n<h4><strong><span id=\"result_box\" class=\"short_text\" lang=\"it\"><span class=\"\">A<\/span><\/span><span id=\"result_box\" class=\"short_text\" lang=\"it\"><span class=\"\">dattamento italiano<\/span><\/span> del libro originale &#8220;Quand les dents se mettent \u00e0 parler&#8221;<\/strong><\/h4>\n<h5><strong>Libro di Mich\u00e8le Caffin <\/strong><strong>(versione italiana)<\/strong><\/h5>\n\n<ul class=\"styled-list  icon-accent2\">\n<li class=\" icon-b theme\" data-icon=\"&#57377;\">Info: 52 pagine, 14 x 21 cm<\/li>\n<li class=\" icon-b theme\" data-icon=\"&#57377;\">Pubblicazione: ottobre 2006<\/li>\n<li class=\" icon-b theme\" data-icon=\"&#57377;\">ISBN: 978-88-89382-02-8<\/li>\n<li class=\" icon-b theme\" data-icon=\"&#57377;\">Edizioni AMRITA srl<\/li>\n<li class=\" icon-b theme\" data-icon=\"&#57377;\"><strong>Prezzo Pubblico: 7,65\u20ac<\/strong><\/li>\n<\/ul>\n\n<p>Questo libro \u00e8 un adattamento in italiano del best seller di Mich\u00e8le Caffin. In questa sua opera, l&#8217;autrice espone le sue ricerche sulle relazioni dei denti con il corpo fisico ma anche con i corpi energetici e psichici. Le chiavi che permettono di capire queste relazioni sono semplici, accessibili a tutti. Simili a \u00a0dei risonatori dei notri stati fisici, emozionali, i denti conservano la memoria degli eventi della nostra vita.<\/p>\n<p>&#8220;Questo libro \u00e8 stato fatto per dare le pi\u00f9 semplici\u00a0chiavi d&#8217;interpretazioni possibile \u00a0per adattarsi alla specificit\u00e0 di ciascuno. Ogni definizione segue\u00a0una struttura definita e verificata durante\u00a0il mio lavoro in quanto dentista, ho cos\u00ec assicurato con ogni parola l&#8217;interpretazione che poteva venire data.&#8221;<\/div>\n\t\t\t\t\t\t\t<div class=\"services-button-wrap\">\n\t\t\t\t<a href=\"http:\/\/www.amrita-edizioni.com\/193_quello-che-i-denti-raccontano-di-te.html\"><span class=\"btext\">Compra questo libro<\/span><\/a>\n\t\t\t<\/div>\n\t\t\t<\/div>\n<\/div>\n<\/div>\n<div class=\"wpv-grid grid-1-2  wpv-first-level unextended\" style=\"padding-top:0px;padding-bottom:0px\" id=\"wpv-column-dbd1dbba3f6969b1d41ca02680beafa6\" ><div class=\"services clearfix fullimage has-image no-icon has-button \" style=\"text-align:left;\">\n\t<div class=\"services-inside\">\n\t\t\t\t\t\t\t\t\t<div class=\"thumbnail\">\n\t\t\t\t\t\t\t\t\t\t\t<a href=\"http:\/\/www.editions-tredaniel.com\/quand-les-dents-se-mettent-parler-p-440.html\" title=\"QUAND LES DENTS SE METTENT \u00c0 PARLER\" class=\"has-border\">\n\t\t\t\t\t\t\t\t\t\t\t\t\t\t\t\t\t\t<img decoding=\"async\" src=\"\/wp-content\/uploads\/2017\/02\/L1-rond.png\" alt=\"\" \/>\t\t\t\t\t\t\t\t\t\t\t\t\t\t\t\t\t<\/a>\n\t\t\t\t\t\t\t\t\t<\/div>\n\t\t\t\t\t\t\t\t\t\t\t\t\t\t<h3 class=\"services-title\">\n\t\t\t\t\t\t\t\t\t<a href=\"http:\/\/www.editions-tredaniel.com\/quand-les-dents-se-mettent-parler-p-440.html\" title=\"QUAND LES DENTS SE METTENT \u00c0 PARLER\">QUAND LES DENTS SE METTENT \u00c0 PARLER<\/a>\n\t\t\t\t\t\t\t<\/h3>\n\t\t\t\t\t\t\t<div class=\"services-content\">\n<h4><strong>&#8220;Quello che i denti raccontano di te&#8221;<\/strong><\/h4>\n<h5><strong>Libro di Mich\u00e8le Caffin <\/strong><strong>(<span id=\"result_box\" class=\"short_text\" lang=\"it\"><span class=\"\">versione originale francese<\/span><\/span>)<\/strong><\/h5>\n\n<ul class=\"styled-list  icon-accent2\">\n<li class=\" icon-b theme\" data-icon=\"&#57377;\">Info: 112 pagine, 14 x 21 cm, 170g<\/li>\n<li class=\" icon-b theme\" data-icon=\"&#57377;\">Pubblicazione: giugno\u00a01995<\/li>\n<li class=\" icon-b theme\" data-icon=\"&#57377;\">ISBN: 978-2-85707-658-2<\/li>\n<li class=\" icon-b theme\" data-icon=\"&#57377;\"><strong>Prezzo Pubblico: 12,20\u20ac<\/strong><\/li>\n<\/ul>\n\n<p>Libro originale sui denti e le loro relazioni con il corpo fisico ma anche con i corpi energetici e psichici. Le chiavi che permettono di capire queste relazioni sono semplici, accessibili a tutti. Simili a \u00a0dei risonatori dei notri stati fisici, emozionali, i denti conservano la memoria degli eventi della nostra vita.<\/p>\n<p>&#8220;Questo libro \u00e8 stato fatto per dare le pi\u00f9 semplici\u00a0chiavi d&#8217;interpretazioni possibile \u00a0per adattarsi alla specificit\u00e0 di ciascuno. Ogni definizione segue\u00a0una struttura definita e verificata durante\u00a0il mio lavoro in quanto dentista, ho cos\u00ec assicurato con ogni parola l&#8217;interpretazione che poteva venire data.&#8221;<\/div>\n\t\t\t\t\t\t\t<div class=\"services-button-wrap\">\n\t\t\t\t<a href=\"http:\/\/www.editions-tredaniel.com\/quand-les-dents-se-mettent-parler-p-440.html\"><span class=\"btext\">Compra questo libro<\/span><\/a>\n\t\t\t<\/div>\n\t\t\t<\/div>\n<\/div>\n<\/div><\/div>\n<div class=\"row \"><div class=\"wpv-grid grid-1-2  wpv-first-level first unextended\" style=\"padding-top:0px;padding-bottom:0px\" id=\"wpv-column-8543eb8b6dbc44ed57ea2276bda9063b\" ><div class=\"services clearfix fullimage has-image no-icon has-button \" style=\"text-align:left;\">\n\t<div class=\"services-inside\">\n\t\t\t\t\t\t\t\t\t<div class=\"thumbnail\">\n\t\t\t\t\t\t\t\t\t\t\t<a href=\"http:\/\/www.editions-tredaniel.com\/quand-les-dents-devoilent-le-mystere-de-lhomme-de-p-6476.html\" title=\"QUAND LES DENTS D\u00c9VOILENT LE MYST\u00c8RE DE L\u2019HOMME DE A \u00c0 Z\" class=\"has-border\">\n\t\t\t\t\t\t\t\t\t\t\t\t\t\t\t\t\t\t<img decoding=\"async\" src=\"\/wp-content\/uploads\/2017\/02\/L3-rond.png\" alt=\"\" \/>\t\t\t\t\t\t\t\t\t\t\t\t\t\t\t\t\t<\/a>\n\t\t\t\t\t\t\t\t\t<\/div>\n\t\t\t\t\t\t\t\t\t\t\t\t\t\t<h3 class=\"services-title\">\n\t\t\t\t\t\t\t\t\t<a href=\"http:\/\/www.editions-tredaniel.com\/quand-les-dents-devoilent-le-mystere-de-lhomme-de-p-6476.html\" title=\"QUAND LES DENTS D\u00c9VOILENT LE MYST\u00c8RE DE L\u2019HOMME DE A \u00c0 Z\">QUAND LES DENTS D\u00c9VOILENT LE MYST\u00c8RE DE L\u2019HOMME DE A \u00c0 Z<\/a>\n\t\t\t\t\t\t\t<\/h3>\n\t\t\t\t\t\t\t<div class=\"services-content\">\n<h4><strong>&#8220;Quando i denti svelano il mistero dell&#8217;uomo dalla a alla zeta&#8221;<\/strong><\/h4>\n<h5><strong>Libro di Mich\u00e8le Caffin <\/strong><strong>(non tradotto in italiano)<\/strong><\/h5>\n\n<ul class=\"styled-list  icon-accent2\">\n<li class=\" icon-b theme\" data-icon=\"&#57377;\">Info: 208 pagine, 15 x 23 cm, 340g<\/li>\n<li class=\" icon-b theme\" data-icon=\"&#57377;\">Pubblicazione: novembre 2015<\/li>\n<li class=\" icon-b theme\" data-icon=\"&#57377;\">ISBN: 978-2-8132-0873-6<\/li>\n<li class=\" icon-b theme\" data-icon=\"&#57377;\"><strong>Prezzo Pubblico: 18,00\u20ac<\/strong><\/li>\n<\/ul>\n\n<p>I nostri denti sono i segni visibili delle trasmissioni familiari dirette e dei rapporti psicomorfologici. In quanto ossa, appartengono al mondo minerale, animale e planetario e ci danno preziose informazioni sulla nostra identit\u00e0.<\/p>\n<p>In questo libro, troverete delle piste per capire e interpretare i legami stretti tra i nostri denti, il mondo interno e il nostro rapporto con il mondo esterno, le nostre sofferenze e le nostre interrogazioni, a volte inconscie.<\/p>\n<p>Questo libro \u00e8 il risutato di vent&#8217;anni di ricerche durante cui l&#8217;autrice ha messo in pratica le sue conoscenze e le sue intuizioni in campi a volte inaspettati: l&#8217;anatomia, l&#8217;osteopatia, lo zodiaco, la mitologia, le lettere ebraiche, i minerali, ecc. La fisica raggiunge la metafisica : siamo nella medicina quantistica.<\/div>\n\t\t\t\t\t\t\t<div class=\"services-button-wrap\">\n\t\t\t\t<a href=\"http:\/\/www.editions-tredaniel.com\/quand-les-dents-devoilent-le-mystere-de-lhomme-de-p-6476.html\"><span class=\"btext\">Compra questo libro<\/span><\/a>\n\t\t\t<\/div>\n\t\t\t<\/div>\n<\/div>\n<\/div>\n<div class=\"wpv-grid grid-1-2  wpv-first-level unextended\" style=\"padding-top:0px;padding-bottom:0px\" id=\"wpv-column-59360a4d28c49c2436f0340103d0f98e\" ><div class=\"services clearfix fullimage has-image no-icon has-button \" style=\"text-align:left;\">\n\t<div class=\"services-inside\">\n\t\t\t\t\t\t\t\t\t<div class=\"thumbnail\">\n\t\t\t\t\t\t\t\t\t\t\t<a href=\"http:\/\/www.editions-tredaniel.com\/mon-dieu-la-dent-et-moi-p-677.html\" title=\"MON DIEU, LA DENTET MOI\" class=\"has-border\">\n\t\t\t\t\t\t\t\t\t\t\t\t\t\t\t\t\t\t<img decoding=\"async\" src=\"\/wp-content\/uploads\/2017\/02\/L2-rond.png\" alt=\"\" \/>\t\t\t\t\t\t\t\t\t\t\t\t\t\t\t\t\t<\/a>\n\t\t\t\t\t\t\t\t\t<\/div>\n\t\t\t\t\t\t\t\t\t\t\t\t\t\t<h3 class=\"services-title\">\n\t\t\t\t\t\t\t\t\t<a href=\"http:\/\/www.editions-tredaniel.com\/mon-dieu-la-dent-et-moi-p-677.html\" title=\"MON DIEU, LA DENTET MOI\">MON DIEU, LA DENTET MOI<\/a>\n\t\t\t\t\t\t\t<\/h3>\n\t\t\t\t\t\t\t<div class=\"services-content\">\n<h4><strong>&#8220;Io, il mio Dio, il dente&#8221;<br \/>\n<\/strong><\/h4>\n<h5><strong>Libro di Mich\u00e8le Caffin <\/strong><strong>(non tradotto in italiano)<\/strong><\/h5>\n\n<ul class=\"styled-list  icon-accent2\">\n<li class=\" icon-b theme\" data-icon=\"&#57377;\">Info: 112 pagine, 14 x 21 cm, 170g<\/li>\n<li class=\" icon-b theme\" data-icon=\"&#57377;\">Pubblicazione: 2003<\/li>\n<li class=\" icon-b theme\" data-icon=\"&#57377;\">ISBN: 978-2-85707-658-2<\/li>\n<li class=\" icon-b theme\" data-icon=\"&#57377;\"><strong>Prezzo Pubblico: 15.22\u20ac<\/strong><\/li>\n<\/ul>\n\n<p>L&#8217;autrice ha stabilito una corrispondenza tra i denti e l&#8217;albero della vita. Cos\u00ec come il mondo \u00e8 stato creato in un determinato ordine, i denti sono arrivati nella bocca seguendo lo stesso schema. L&#8217;autrice espone queste tematiche difficili con grande semplicit\u00e0.<\/p>\n<p>&#8220;Questo libro ci porta nello spazio interno della nostra bocca e in quello della nostra anima. I testi presi dallo Zohar sono da &#8220;masticare&#8221;, senza l&#8217;intervento della mente, cos\u00ec una luce pu\u00f2 chiarire la relazione dei nostri denti con il Tutto. Ecco perch\u00e9 questo libro pu\u00f2 sembrare arduo, \u00e8 da leggere senza voler imparare, ma lasciandosi avvincere, guidare dall&#8217;ascolto interno.<\/div>\n\t\t\t\t\t\t\t<div class=\"services-button-wrap\">\n\t\t\t\t<a href=\"http:\/\/www.editions-tredaniel.com\/mon-dieu-la-dent-et-moi-p-677.html\"><span class=\"btext\">Compra questo libro<\/span><\/a>\n\t\t\t<\/div>\n\t\t\t<\/div>\n<\/div>\n<\/div><\/div>\n","protected":false},"excerpt":{"rendered":"<p>Decrittazione del dente, specchio del nostro essere. Ecco i libri di Mich\u00e8le Caffin che presentano le sue ricerche sulla decrittazione dentaria e le relazioni tra i denti e il corpo fisico, energetico, dal punto di vista olistico. I suoi studi si basano su ricerche universitarie simboliche e intuitive. I denti conservano la memoria degli eventi&#8230;<\/p>\n","protected":false},"author":1,"featured_media":0,"parent":0,"menu_order":0,"comment_status":"closed","ping_status":"closed","template":"","meta":{"footnotes":""},"class_list":["post-9499","page","type-page","status-publish"],"yoast_head":"<!-- This site is optimized with the Yoast SEO plugin v27.5 - https:\/\/yoast.com\/product\/yoast-seo-wordpress\/ -->\n<title>I libri di Mich\u00e8le Caffin sulla decrittazione dentaria - Mich\u00e8le Caffin - D\u00e9cryptage dentaire<\/title>\n<meta name=\"description\" content=\"Scoprite i suoi libri sulla decrittazione dentaria olistica e le relazioni dei denti con il corpo fisico, e con psichico, energetico e spirituale\" \/>\n<meta name=\"robots\" content=\"index, follow, max-snippet:-1, max-image-preview:large, max-video-preview:-1\" \/>\n<link rel=\"canonical\" href=\"https:\/\/www.michelecaffin-decryptagedentaire.com\/it\/i-libri-di-michele-caffin-sulla-decrittazione-dentaria\/\" \/>\n<meta property=\"og:locale\" content=\"it_IT\" \/>\n<meta property=\"og:type\" content=\"article\" \/>\n<meta property=\"og:title\" content=\"I libri di Mich\u00e8le Caffin sulla decrittazione dentaria - Mich\u00e8le Caffin - D\u00e9cryptage dentaire\" \/>\n<meta property=\"og:description\" content=\"Scoprite i suoi libri sulla decrittazione dentaria olistica e le relazioni dei denti con il corpo fisico, e con psichico, energetico e spirituale\" \/>\n<meta property=\"og:url\" content=\"https:\/\/www.michelecaffin-decryptagedentaire.com\/it\/i-libri-di-michele-caffin-sulla-decrittazione-dentaria\/\" \/>\n<meta property=\"og:site_name\" content=\"Mich\u00e8le Caffin - D\u00e9cryptage dentaire\" \/>\n<meta property=\"article:modified_time\" content=\"2017-05-04T13:18:19+00:00\" \/>\n<meta name=\"twitter:card\" content=\"summary_large_image\" \/>\n<meta name=\"twitter:label1\" content=\"Tempo di lettura stimato\" \/>\n\t<meta name=\"twitter:data1\" content=\"5 minuti\" \/>\n<script type=\"application\/ld+json\" class=\"yoast-schema-graph\">{\"@context\":\"https:\\\/\\\/schema.org\",\"@graph\":[{\"@type\":\"WebPage\",\"@id\":\"https:\\\/\\\/www.michelecaffin-decryptagedentaire.com\\\/it\\\/i-libri-di-michele-caffin-sulla-decrittazione-dentaria\\\/\",\"url\":\"https:\\\/\\\/www.michelecaffin-decryptagedentaire.com\\\/it\\\/i-libri-di-michele-caffin-sulla-decrittazione-dentaria\\\/\",\"name\":\"I libri di Mich\u00e8le Caffin sulla decrittazione dentaria - Mich\u00e8le Caffin - D\u00e9cryptage dentaire\",\"isPartOf\":{\"@id\":\"https:\\\/\\\/www.michelecaffin-decryptagedentaire.com\\\/it\\\/#website\"},\"datePublished\":\"2017-04-19T14:18:38+00:00\",\"dateModified\":\"2017-05-04T13:18:19+00:00\",\"description\":\"Scoprite i suoi libri sulla decrittazione dentaria olistica e le relazioni dei denti con il corpo fisico, e con psichico, energetico e spirituale\",\"breadcrumb\":{\"@id\":\"https:\\\/\\\/www.michelecaffin-decryptagedentaire.com\\\/it\\\/i-libri-di-michele-caffin-sulla-decrittazione-dentaria\\\/#breadcrumb\"},\"inLanguage\":\"it-IT\",\"potentialAction\":[{\"@type\":\"ReadAction\",\"target\":[\"https:\\\/\\\/www.michelecaffin-decryptagedentaire.com\\\/it\\\/i-libri-di-michele-caffin-sulla-decrittazione-dentaria\\\/\"]}]},{\"@type\":\"BreadcrumbList\",\"@id\":\"https:\\\/\\\/www.michelecaffin-decryptagedentaire.com\\\/it\\\/i-libri-di-michele-caffin-sulla-decrittazione-dentaria\\\/#breadcrumb\",\"itemListElement\":[{\"@type\":\"ListItem\",\"position\":1,\"name\":\"Accueil\",\"item\":\"https:\\\/\\\/www.michelecaffin-decryptagedentaire.com\\\/it\\\/\"},{\"@type\":\"ListItem\",\"position\":2,\"name\":\"I libri di Mich\u00e8le Caffin sulla decrittazione dentaria\"}]},{\"@type\":\"WebSite\",\"@id\":\"https:\\\/\\\/www.michelecaffin-decryptagedentaire.com\\\/it\\\/#website\",\"url\":\"https:\\\/\\\/www.michelecaffin-decryptagedentaire.com\\\/it\\\/\",\"name\":\"Mich\u00e8le Caffin - D\u00e9cryptage dentaire\",\"description\":\"\",\"potentialAction\":[{\"@type\":\"SearchAction\",\"target\":{\"@type\":\"EntryPoint\",\"urlTemplate\":\"https:\\\/\\\/www.michelecaffin-decryptagedentaire.com\\\/it\\\/?s={search_term_string}\"},\"query-input\":{\"@type\":\"PropertyValueSpecification\",\"valueRequired\":true,\"valueName\":\"search_term_string\"}}],\"inLanguage\":\"it-IT\"}]}<\/script>\n<!-- \/ Yoast SEO plugin. -->","yoast_head_json":{"title":"I libri di Mich\u00e8le Caffin sulla decrittazione dentaria - Mich\u00e8le Caffin - D\u00e9cryptage dentaire","description":"Scoprite i suoi libri sulla decrittazione dentaria olistica e le relazioni dei denti con il corpo fisico, e con psichico, energetico e spirituale","robots":{"index":"index","follow":"follow","max-snippet":"max-snippet:-1","max-image-preview":"max-image-preview:large","max-video-preview":"max-video-preview:-1"},"canonical":"https:\/\/www.michelecaffin-decryptagedentaire.com\/it\/i-libri-di-michele-caffin-sulla-decrittazione-dentaria\/","og_locale":"it_IT","og_type":"article","og_title":"I libri di Mich\u00e8le Caffin sulla decrittazione dentaria - Mich\u00e8le Caffin - D\u00e9cryptage dentaire","og_description":"Scoprite i suoi libri sulla decrittazione dentaria olistica e le relazioni dei denti con il corpo fisico, e con psichico, energetico e spirituale","og_url":"https:\/\/www.michelecaffin-decryptagedentaire.com\/it\/i-libri-di-michele-caffin-sulla-decrittazione-dentaria\/","og_site_name":"Mich\u00e8le Caffin - D\u00e9cryptage dentaire","article_modified_time":"2017-05-04T13:18:19+00:00","twitter_card":"summary_large_image","twitter_misc":{"Tempo di lettura stimato":"5 minuti"},"schema":{"@context":"https:\/\/schema.org","@graph":[{"@type":"WebPage","@id":"https:\/\/www.michelecaffin-decryptagedentaire.com\/it\/i-libri-di-michele-caffin-sulla-decrittazione-dentaria\/","url":"https:\/\/www.michelecaffin-decryptagedentaire.com\/it\/i-libri-di-michele-caffin-sulla-decrittazione-dentaria\/","name":"I libri di Mich\u00e8le Caffin sulla decrittazione dentaria - Mich\u00e8le Caffin - D\u00e9cryptage dentaire","isPartOf":{"@id":"https:\/\/www.michelecaffin-decryptagedentaire.com\/it\/#website"},"datePublished":"2017-04-19T14:18:38+00:00","dateModified":"2017-05-04T13:18:19+00:00","description":"Scoprite i suoi libri sulla decrittazione dentaria olistica e le relazioni dei denti con il corpo fisico, e con psichico, energetico e spirituale","breadcrumb":{"@id":"https:\/\/www.michelecaffin-decryptagedentaire.com\/it\/i-libri-di-michele-caffin-sulla-decrittazione-dentaria\/#breadcrumb"},"inLanguage":"it-IT","potentialAction":[{"@type":"ReadAction","target":["https:\/\/www.michelecaffin-decryptagedentaire.com\/it\/i-libri-di-michele-caffin-sulla-decrittazione-dentaria\/"]}]},{"@type":"BreadcrumbList","@id":"https:\/\/www.michelecaffin-decryptagedentaire.com\/it\/i-libri-di-michele-caffin-sulla-decrittazione-dentaria\/#breadcrumb","itemListElement":[{"@type":"ListItem","position":1,"name":"Accueil","item":"https:\/\/www.michelecaffin-decryptagedentaire.com\/it\/"},{"@type":"ListItem","position":2,"name":"I libri di Mich\u00e8le Caffin sulla decrittazione dentaria"}]},{"@type":"WebSite","@id":"https:\/\/www.michelecaffin-decryptagedentaire.com\/it\/#website","url":"https:\/\/www.michelecaffin-decryptagedentaire.com\/it\/","name":"Mich\u00e8le Caffin - D\u00e9cryptage dentaire","description":"","potentialAction":[{"@type":"SearchAction","target":{"@type":"EntryPoint","urlTemplate":"https:\/\/www.michelecaffin-decryptagedentaire.com\/it\/?s={search_term_string}"},"query-input":{"@type":"PropertyValueSpecification","valueRequired":true,"valueName":"search_term_string"}}],"inLanguage":"it-IT"}]}},"_links":{"self":[{"href":"https:\/\/www.michelecaffin-decryptagedentaire.com\/it\/wp-json\/wp\/v2\/pages\/9499","targetHints":{"allow":["GET"]}}],"collection":[{"href":"https:\/\/www.michelecaffin-decryptagedentaire.com\/it\/wp-json\/wp\/v2\/pages"}],"about":[{"href":"https:\/\/www.michelecaffin-decryptagedentaire.com\/it\/wp-json\/wp\/v2\/types\/page"}],"author":[{"embeddable":true,"href":"https:\/\/www.michelecaffin-decryptagedentaire.com\/it\/wp-json\/wp\/v2\/users\/1"}],"replies":[{"embeddable":true,"href":"https:\/\/www.michelecaffin-decryptagedentaire.com\/it\/wp-json\/wp\/v2\/comments?post=9499"}],"version-history":[{"count":5,"href":"https:\/\/www.michelecaffin-decryptagedentaire.com\/it\/wp-json\/wp\/v2\/pages\/9499\/revisions"}],"predecessor-version":[{"id":9850,"href":"https:\/\/www.michelecaffin-decryptagedentaire.com\/it\/wp-json\/wp\/v2\/pages\/9499\/revisions\/9850"}],"wp:attachment":[{"href":"https:\/\/www.michelecaffin-decryptagedentaire.com\/it\/wp-json\/wp\/v2\/media?parent=9499"}],"curies":[{"name":"wp","href":"https:\/\/api.w.org\/{rel}","templated":true}]}}